{"id":407,"date":"2026-04-23T23:12:22","date_gmt":"2026-04-23T23:12:22","guid":{"rendered":"https:\/\/schoonwin.nl\/product\/agm-m6-ip68-push-button-phones-4g-unlocked-cellphone-2500mah-rugged-telephone-dual-sim-feature-phone-for-senior-russian-version\/"},"modified":"2026-04-24T13:02:33","modified_gmt":"2026-04-24T13:02:33","slug":"agm-m6-ip68-push-button-phones-4g-unlocked-cellphone-2500mah-rugged-telephone-dual-sim-feature-phone-for-senior-russian-version","status":"publish","type":"product","link":"https:\/\/schoonwin.nl\/en\/product\/agm-m6-ip68-push-button-phones-4g-unlocked-cellphone-2500mah-rugged-telephone-dual-sim-feature-phone-for-senior-russian-version\/","title":{"rendered":"AGM M6 IP68 Push-Button Phones 4G Unlocked Cellphone 2500mAh Rugged Telephone Dual SIM Feature Phone for Senior Russian Version"},"content":{"rendered":"<div class=\"detailmodule_html\">\n<div class=\"detail-desc-decorate-richtext\">\n<div>\n<div><strong><span style=\"color: #e74c3c;\"><span style=\"font-family: Arial, Helvetica, sans-serif;\"><span style=\"font-size: 18px;\"><br \/>\nThis product does not have a backlight. We will not accept disputes regarding products without a backlight. Please note this when placing your order!<\/span><\/span><\/span><\/strong><\/div>\n<div style=\"text-align: center;\" align=\"center\">\n<p>&nbsp;<\/p>\n<p>AGM M6 IP68 Push-Button Phones 4G Unlocked Cellphone 2500mAh Rugged Telephone Dual SIM Feature Phone For Senior Russian Version<\/p>\n<\/div>\n<table style=\"border-collapse: collapse; , sans-serif;font-size: 12px; text-align: start; width: 646.52pt;\" border=\"1\" width=\"862\" align=\"start\">\n<tbody>\n<tr>\n<td class=\"sk-table-cell\" style=\"padding: 0px; width: 646.5pt; height: 34pt;\" colspan=\"2\">\n<p style=\"font-size: 13px; font-weight: 400; line-height: 1.2; text-align: center; margin: 0px; padding: 0px;\" align=\"center\"><span style=\"font-family: Arial, Helvetica, sans-serif;\"><strong><span class=\"font5\" style=\"font-size: 22px;\"><span class=\"font3\" style=\"font-size: 22px;\">AGM M6|World Premiere<\/span><\/span><\/strong><\/span><\/p>\n<\/td>\n<\/tr>\n<tr>\n<td class=\"sk-table-cell\" style=\"padding: 0px; height: 15pt;\">\n<p style=\"font-size: 13px; font-weight: 400; line-height: 1.2; margin: 0px; padding: 0px;\"><span style=\"font-size: 18px;\"><span style=\"font-family: Arial, Helvetica, sans-serif;\">Dimension<\/span><\/span><\/p>\n<\/td>\n<td class=\"sk-table-cell\" style=\"padding: 0px;\">\n<p style=\"font-size: 13px; font-weight: 400; line-height: 1.2; margin: 0px; padding: 0px;\"><span style=\"font-size: 18px;\"><span style=\"font-family: Arial, Helvetica, sans-serif;\">142*61.9*19.8mm(with speaker 24mm)<\/span><\/span><\/p>\n<\/td>\n<\/tr>\n<tr>\n<td class=\"sk-table-cell\" style=\"padding: 0px; height: 15pt;\">\n<p style=\"font-size: 13px; font-weight: 400; line-height: 1.2; margin: 0px; padding: 0px;\"><span style=\"font-size: 18px;\"><span style=\"font-family: Arial, Helvetica, sans-serif;\">Weight<\/span><\/span><\/p>\n<\/td>\n<td class=\"sk-table-cell\" style=\"padding: 0px;\">\n<p style=\"font-size: 13px; font-weight: 400; line-height: 1.2; margin: 0px; padding: 0px;\"><span style=\"font-size: 18px;\"><span style=\"font-family: Arial, Helvetica, sans-serif;\">195g (With Battery)<\/span><\/span><\/p>\n<\/td>\n<\/tr>\n<tr>\n<td class=\"sk-table-cell\" style=\"padding: 0px; height: 15pt;\">\n<p style=\"font-size: 13px; font-weight: 400; line-height: 1.2; margin: 0px; padding: 0px;\"><span style=\"font-size: 18px;\"><span style=\"font-family: Arial, Helvetica, sans-serif;\">Display<\/span><\/span><\/p>\n<\/td>\n<td class=\"sk-table-cell\" style=\"padding: 0px;\">\n<p style=\"font-size: 13px; font-weight: 400; line-height: 1.2; margin: 0px; padding: 0px;\"><span style=\"font-size: 18px;\"><span style=\"font-family: Arial, Helvetica, sans-serif;\">2.4inch QVGA<\/span><\/span><\/p>\n<\/td>\n<\/tr>\n<tr>\n<td class=\"sk-table-cell\" style=\"padding: 0px; height: 15pt;\" colspan=\"2\">\n<p style=\"font-size: 13px; font-weight: 400; line-height: 1.2; margin: 0px; padding: 0px;\"><span style=\"font-size: 18px;\"><span style=\"font-family: Arial, Helvetica, sans-serif;\">Baseband&amp;Freq<\/span><\/span><\/p>\n<\/td>\n<\/tr>\n<tr>\n<td class=\"sk-table-cell\" style=\"padding: 0px; width: 156.75pt; height: 90pt;\">\n<p style=\"font-size: 13px; font-weight: 400; line-height: 1.2; margin: 0px; padding: 0px;\"><span style=\"font-size: 18px;\"><span style=\"font-family: Arial, Helvetica, sans-serif;\">American Version:<br \/>\n2G GSM: B2\/3\/5\/8<br \/>\n3G WCDMA: B1\/2\/4\/5\/8<br \/>\n4G LTE-FDD:FDDB2\/4\/5\/7\/28AB<br \/>\nTDD B39\/40\/41<\/span><\/span><\/p>\n<\/td>\n<td class=\"sk-table-cell\" style=\"padding: 0px; width: 489.75pt;\">\n<p style=\"font-size: 13px; font-weight: 400; line-height: 1.2; margin: 0px; padding: 0px;\"><span style=\"font-size: 18px;\"><span style=\"font-family: Arial, Helvetica, sans-serif;\">European Version:<br \/>\n2G GSM: B2\/3\/5\/8<br \/>\n3G WCDMA: B1\/5\/8<br \/>\n4G LTE-FDD:FDDB1\/3\/5\/7\/8\/20\/28AB<br \/>\nTDD B38\/39\/40\/41<\/span><\/span><\/p>\n<\/td>\n<\/tr>\n<tr>\n<td class=\"sk-table-cell\" style=\"padding: 0px;\" colspan=\"2\">\n<p style=\"font-size: 13px; font-weight: 400; line-height: 1.2; margin: 0px; padding: 0px;\"><span style=\"font-size: 18px;\"><span style=\"font-family: Arial, Helvetica, sans-serif;\">Language<\/span><\/span><\/p>\n<\/td>\n<\/tr>\n<tr>\n<td class=\"sk-table-cell\" style=\"padding: 0px;\">\n<p style=\"font-size: 13px; font-weight: 400; line-height: 1.2; margin: 0px; padding: 0px;\"><span style=\"font-size: 18px;\"><span style=\"font-family: Arial, Helvetica, sans-serif;\">American Bands<\/span><\/span><\/p>\n<\/td>\n<td class=\"sk-table-cell\" style=\"padding: 0px;\">\n<p style=\"font-size: 13px; font-weight: 400; line-height: 1.2; margin: 0px; padding: 0px;\"><span style=\"font-size: 18px;\"><span style=\"font-family: Arial, Helvetica, sans-serif;\">English, Fran\u00e7ais, Deutsch, Portugu\u00eas, Espa\u00f1ol, \u0420\u0443\u0441\u0441\u043a\u0438\u0439<\/span><\/span><\/p>\n<\/td>\n<\/tr>\n<tr>\n<td class=\"sk-table-cell\" style=\"padding: 0px;\">\n<p style=\"font-size: 13px; font-weight: 400; line-height: 1.2; margin: 0px; padding: 0px;\"><span style=\"font-size: 18px;\"><span style=\"font-family: Arial, Helvetica, sans-serif;\">European Bands<\/span><\/span><\/p>\n<\/td>\n<td class=\"sk-table-cell\" style=\"padding: 0px;\">\n<p style=\"font-size: 13px; font-weight: 400; line-height: 1.2; margin: 0px; padding: 0px;\"><span style=\"font-size: 18px;\"><span style=\"font-family: Arial, Helvetica, sans-serif;\">English, Fran\u00e7ais, Deutsch, Italiano, Espa\u00f1ol, Nederlands, Dansk, Svenska, Suomi, \u0420\u0443\u0441\u0441\u043a\u0438\u0439,Portugu\u00eas<\/span><\/span><\/p>\n<\/td>\n<\/tr>\n<tr>\n<td class=\"sk-table-cell\" style=\"padding: 0px; height: 15pt;\" colspan=\"2\">\n<p style=\"font-size: 13px; font-weight: 400; line-height: 1.2; margin: 0px; padding: 0px;\"><span style=\"font-size: 18px;\"><span style=\"font-family: Arial, Helvetica, sans-serif;\">Performance<\/span><\/span><\/p>\n<\/td>\n<\/tr>\n<tr>\n<td class=\"sk-table-cell\" style=\"padding: 0px; height: 15pt;\">\n<p style=\"font-size: 13px; font-weight: 400; line-height: 1.2; margin: 0px; padding: 0px;\"><span style=\"font-size: 18px;\"><span style=\"font-family: Arial, Helvetica, sans-serif;\">Operating System<\/span><\/span><\/p>\n<\/td>\n<td class=\"sk-table-cell\" style=\"padding: 0px;\">\n<p style=\"font-size: 13px; font-weight: 400; line-height: 1.2; margin: 0px; padding: 0px;\"><span style=\"font-size: 18px;\"><span style=\"font-family: Arial, Helvetica, sans-serif;\">Mocor (RTOS) for feature phone<\/span><\/span><\/p>\n<\/td>\n<\/tr>\n<tr>\n<td class=\"sk-table-cell\" style=\"padding: 0px; height: 15pt;\">\n<p style=\"font-size: 13px; font-weight: 400; line-height: 1.2; margin: 0px; padding: 0px;\"><span style=\"font-size: 18px;\"><span style=\"font-family: Arial, Helvetica, sans-serif;\">Chipset<\/span><\/span><\/p>\n<\/td>\n<td class=\"sk-table-cell\" style=\"padding: 0px;\">\n<p style=\"font-size: 13px; font-weight: 400; line-height: 1.2; margin: 0px; padding: 0px;\"><span style=\"font-size: 18px;\"><span style=\"font-family: Arial, Helvetica, sans-serif;\">T107<\/span><\/span><\/p>\n<\/td>\n<\/tr>\n<tr>\n<td class=\"sk-table-cell\" style=\"padding: 0px; height: 15pt;\">\n<p style=\"font-size: 13px; font-weight: 400; line-height: 1.2; margin: 0px; padding: 0px;\"><span style=\"font-size: 18px;\"><span style=\"font-family: Arial, Helvetica, sans-serif;\">Memory<\/span><\/span><\/p>\n<\/td>\n<td class=\"sk-table-cell\" style=\"padding: 0px;\">\n<p style=\"font-size: 13px; font-weight: 400; line-height: 1.2; margin: 0px; padding: 0px;\"><span style=\"font-size: 18px;\"><span style=\"font-family: Arial, Helvetica, sans-serif;\">48MB RAM+128MB ROM<\/span><\/span><\/p>\n<\/td>\n<\/tr>\n<tr>\n<td class=\"sk-table-cell\" style=\"padding: 0px; height: 15pt;\">\n<p style=\"font-size: 13px; font-weight: 400; line-height: 1.2; margin: 0px; padding: 0px;\"><span style=\"font-size: 18px;\"><span style=\"font-family: Arial, Helvetica, sans-serif;\">Charging<\/span><\/span><\/p>\n<\/td>\n<td class=\"sk-table-cell\" style=\"padding: 0px;\">\n<p style=\"font-size: 13px; font-weight: 400; line-height: 1.2; margin: 0px; padding: 0px;\"><span style=\"font-size: 18px;\"><span style=\"font-family: Arial, Helvetica, sans-serif;\">5V\/1A, support desk top charging dock(Optional)<\/span><\/span><\/p>\n<\/td>\n<\/tr>\n<tr>\n<td class=\"sk-table-cell\" style=\"padding: 0px; height: 15pt;\">\n<p style=\"font-size: 13px; font-weight: 400; line-height: 1.2; margin: 0px; padding: 0px;\"><span style=\"font-size: 18px;\"><span style=\"font-family: Arial, Helvetica, sans-serif;\">Battery<\/span><\/span><\/p>\n<\/td>\n<td class=\"sk-table-cell\" style=\"padding: 0px;\">\n<p style=\"font-size: 13px; font-weight: 400; line-height: 1.2; margin: 0px; padding: 0px;\"><span style=\"font-size: 18px;\"><span style=\"font-family: Arial, Helvetica, sans-serif;\">2500mAh (TYP), removeable<\/span><\/span><\/p>\n<\/td>\n<\/tr>\n<tr>\n<td class=\"sk-table-cell\" style=\"padding: 0px; height: 30pt;\" rowspan=\"2\">\n<p style=\"font-size: 13px; font-weight: 400; line-height: 1.2; margin: 0px; padding: 0px;\"><span style=\"font-size: 18px;\"><span style=\"font-family: Arial, Helvetica, sans-serif;\">Audio<\/span><\/span><\/p>\n<\/td>\n<td class=\"sk-table-cell\" style=\"padding: 0px;\">\n<table style=\"border-collapse: collapse; , sans-serif;font-size: 12px; text-align: start; width: 646.52pt;\" border=\"1\" width=\"862\" align=\"start\">\n<tbody>\n<tr>\n<td class=\"sk-table-cell\" style=\"padding: 0px; height: 30pt;\" rowspan=\"2\"><span style=\"font-size: 18px;\"><span style=\"font-family: Arial, Helvetica, sans-serif;\">waterproof 3.5W speaker(\u03a635mm), with PA<\/span><\/span><\/td>\n<td class=\"sk-table-cell\" style=\"padding: 0px;\"><\/td>\n<\/tr>\n<tr>\n<td class=\"sk-table-cell\" style=\"padding: 0px;\"><\/td>\n<\/tr>\n<\/tbody>\n<\/table>\n<\/td>\n<\/tr>\n<tr>\n<td class=\"sk-table-cell\" style=\"padding: 0px;\"><\/td>\n<\/tr>\n<tr>\n<td class=\"sk-table-cell\" style=\"padding: 0px; height: 15pt;\">\n<p style=\"font-size: 13px; font-weight: 400; line-height: 1.2; margin: 0px; padding: 0px;\"><span style=\"font-size: 18px;\"><span style=\"font-family: Arial, Helvetica, sans-serif;\">VoLTE<\/span><\/span><\/p>\n<\/td>\n<td class=\"sk-table-cell\" style=\"padding: 0px; width: 489.75pt;\">\n<p style=\"font-size: 13px; font-weight: 400; line-height: 1.2; margin: 0px; padding: 0px;\"><span style=\"font-size: 18px;\"><span style=\"font-family: Arial, Helvetica, sans-serif;\">Limited Support(Depend on local network, may not be available in some countries)<\/span><\/span><\/p>\n<\/td>\n<\/tr>\n<tr>\n<td class=\"sk-table-cell\" style=\"padding: 0px; width: 156.75pt; height: 15pt;\">\n<p style=\"font-size: 13px; font-weight: 400; line-height: 1.2; margin: 0px; padding: 0px;\"><span style=\"font-size: 18px;\"><span style=\"font-family: Arial, Helvetica, sans-serif;\">Back Camera(Pixel)<\/span><\/span><\/p>\n<\/td>\n<td class=\"sk-table-cell\" style=\"padding: 0px; width: 489.75pt;\">\n<p style=\"font-size: 13px; font-weight: 400; line-height: 1.2; margin: 0px; padding: 0px;\"><span style=\"font-size: 18px;\"><span style=\"font-family: Arial, Helvetica, sans-serif;\">0.3M without flashlight<\/span><\/span><\/p>\n<\/td>\n<\/tr>\n<tr>\n<td class=\"sk-table-cell\" style=\"padding: 0px; height: 15pt;\" colspan=\"2\">\n<p style=\"font-size: 13px; font-weight: 400; line-height: 1.2; margin: 0px; padding: 0px;\"><span style=\"font-size: 18px;\"><span style=\"font-family: Arial, Helvetica, sans-serif;\">Connectivity<\/span><\/span><\/p>\n<\/td>\n<\/tr>\n<tr>\n<td class=\"sk-table-cell\" style=\"padding: 0px; width: 156.75pt; height: 15pt;\">\n<p style=\"font-size: 13px; font-weight: 400; line-height: 1.2; margin: 0px; padding: 0px;\"><span style=\"font-size: 18px;\"><span style=\"font-family: Arial, Helvetica, sans-serif;\">BT<\/span><\/span><\/p>\n<\/td>\n<td class=\"sk-table-cell\" style=\"padding: 0px; width: 489.75pt;\">\n<p style=\"font-size: 13px; font-weight: 400; line-height: 1.2; margin: 0px; padding: 0px;\"><span style=\"font-size: 18px;\"><span style=\"font-family: Arial, Helvetica, sans-serif;\">Bluetooth 5.1<\/span><\/span><\/p>\n<\/td>\n<\/tr>\n<tr>\n<td class=\"sk-table-cell\" style=\"padding: 0px; width: 156.75pt; height: 15pt;\">\n<p style=\"font-size: 13px; font-weight: 400; line-height: 1.2; margin: 0px; padding: 0px;\"><span style=\"font-size: 18px;\"><span style=\"font-family: Arial, Helvetica, sans-serif;\">Wifi<\/span><\/span><\/p>\n<\/td>\n<td class=\"sk-table-cell\" style=\"padding: 0px; width: 489.75pt;\">\n<p style=\"font-size: 13px; font-weight: 400; line-height: 1.2; margin: 0px; padding: 0px;\"><span style=\"font-size: 18px;\"><span style=\"font-family: Arial, Helvetica, sans-serif;\">No<\/span><\/span><\/p>\n<\/td>\n<\/tr>\n<tr>\n<td class=\"sk-table-cell\" style=\"padding: 0px; width: 156.75pt; height: 15pt;\">\n<p style=\"font-size: 13px; font-weight: 400; line-height: 1.2; margin: 0px; padding: 0px;\"><span style=\"font-size: 18px;\"><span style=\"font-family: Arial, Helvetica, sans-serif;\">USB<\/span><\/span><\/p>\n<\/td>\n<td class=\"sk-table-cell\" style=\"padding: 0px; width: 489.75pt;\">\n<p style=\"font-size: 13px; font-weight: 400; line-height: 1.2; margin: 0px; padding: 0px;\"><span style=\"font-size: 18px;\"><span style=\"font-family: Arial, Helvetica, sans-serif;\">USB2.0, Type-C<\/span><\/span><\/p>\n<\/td>\n<\/tr>\n<tr>\n<td class=\"sk-table-cell\" style=\"padding: 0px; width: 156.75pt; height: 15pt;\">\n<p style=\"font-size: 13px; font-weight: 400; line-height: 1.2; margin: 0px; padding: 0px;\"><span style=\"font-size: 18px;\"><span style=\"font-family: Arial, Helvetica, sans-serif;\">SD card<\/span><\/span><\/p>\n<\/td>\n<td class=\"sk-table-cell\" style=\"padding: 0px; width: 489.75pt;\">\n<p style=\"font-size: 13px; font-weight: 400; line-height: 1.2; margin: 0px; padding: 0px;\"><span style=\"font-size: 18px;\"><span style=\"font-family: Arial, Helvetica, sans-serif;\">Support Micro SD card up to 128GB<\/span><\/span><\/p>\n<\/td>\n<\/tr>\n<tr>\n<td class=\"sk-table-cell\" style=\"padding: 0px; width: 156.75pt; height: 15pt;\">\n<p style=\"font-size: 13px; font-weight: 400; line-height: 1.2; margin: 0px; padding: 0px;\"><span style=\"font-size: 18px;\"><span style=\"font-family: Arial, Helvetica, sans-serif;\">Earphone Jack<\/span><\/span><\/p>\n<\/td>\n<td class=\"sk-table-cell\" style=\"padding: 0px; width: 489.75pt;\">\n<p style=\"font-size: 13px; font-weight: 400; line-height: 1.2; margin: 0px; padding: 0px;\"><span style=\"font-size: 18px;\"><span style=\"font-family: Arial, Helvetica, sans-serif;\">NO, share with Type C port<\/span><\/span><\/p>\n<\/td>\n<\/tr>\n<tr>\n<td class=\"sk-table-cell\" style=\"padding: 0px; width: 156.75pt; height: 15pt;\">\n<p style=\"font-size: 13px; font-weight: 400; line-height: 1.2; margin: 0px; padding: 0px;\"><span style=\"font-size: 18px;\"><span style=\"font-family: Arial, Helvetica, sans-serif;\">Port<\/span><\/span><\/p>\n<\/td>\n<td class=\"sk-table-cell\" style=\"padding: 0px; width: 489.75pt;\">\n<p style=\"font-size: 13px; font-weight: 400; line-height: 1.2; margin: 0px; padding: 0px;\"><span style=\"font-size: 18px;\"><span style=\"font-family: Arial, Helvetica, sans-serif;\">Type-C<\/span><\/span><\/p>\n<\/td>\n<\/tr>\n<tr>\n<td class=\"sk-table-cell\" style=\"padding: 0px; width: 156.75pt; height: 15pt;\">\n<p style=\"font-size: 13px; font-weight: 400; line-height: 1.2; margin: 0px; padding: 0px;\"><span style=\"font-size: 18px;\"><span style=\"font-family: Arial, Helvetica, sans-serif;\">NFC<\/span><\/span><\/p>\n<\/td>\n<td class=\"sk-table-cell\" style=\"padding: 0px; width: 489.75pt;\">\n<p style=\"font-size: 13px; font-weight: 400; line-height: 1.2; margin: 0px; padding: 0px;\"><span style=\"font-size: 18px;\"><span style=\"font-family: Arial, Helvetica, sans-serif;\">No<\/span><\/span><\/p>\n<\/td>\n<\/tr>\n<tr>\n<td class=\"sk-table-cell\" style=\"padding: 0px; height: 15pt;\" colspan=\"2\">\n<p style=\"font-size: 13px; font-weight: 400; line-height: 1.2; margin: 0px; padding: 0px;\"><span style=\"font-size: 18px;\"><span style=\"font-family: Arial, Helvetica, sans-serif;\">Main Features<\/span><\/span><\/p>\n<\/td>\n<\/tr>\n<tr>\n<td class=\"sk-table-cell\" style=\"padding: 0px; width: 156.75pt; height: 15pt;\">\n<p style=\"font-size: 13px; font-weight: 400; line-height: 1.2; margin: 0px; padding: 0px;\"><span style=\"font-size: 18px;\"><span style=\"font-family: Arial, Helvetica, sans-serif;\">IP<\/span><\/span><\/p>\n<\/td>\n<td class=\"sk-table-cell\" style=\"padding: 0px;\">\n<p style=\"font-size: 13px; font-weight: 400; line-height: 1.2; margin: 0px; padding: 0px;\"><span style=\"font-size: 18px;\"><span style=\"font-family: Arial, Helvetica, sans-serif;\">IP68\/IP69k\/MIL-STD-810H<\/span><\/span><\/p>\n<\/td>\n<\/tr>\n<tr>\n<td class=\"sk-table-cell\" style=\"padding: 0px; width: 156.75pt; height: 15pt;\">\n<p style=\"font-size: 13px; font-weight: 400; line-height: 1.2; margin: 0px; padding: 0px;\"><span style=\"font-size: 18px;\"><span style=\"font-family: Arial, Helvetica, sans-serif;\">Torch<\/span><\/span><\/p>\n<\/td>\n<td class=\"sk-table-cell\" style=\"padding: 0px; width: 489.75pt;\">\n<p style=\"font-size: 13px; font-weight: 400; line-height: 1.2; margin: 0px; padding: 0px;\"><span style=\"font-size: 18px;\"><span style=\"font-family: Arial, Helvetica, sans-serif;\">Support LED torch on top<\/span><\/span><\/p>\n<\/td>\n<\/tr>\n<tr>\n<td class=\"sk-table-cell\" style=\"padding: 0px; height: 15pt;\">\n<p style=\"font-size: 13px; font-weight: 400; line-height: 1.2; margin: 0px; padding: 0px;\"><span style=\"font-size: 18px;\"><span style=\"font-family: Arial, Helvetica, sans-serif;\">Side Key<\/span><\/span><\/p>\n<\/td>\n<td class=\"sk-table-cell\" style=\"padding: 0px;\">\n<p style=\"font-size: 13px; font-weight: 400; line-height: 1.2; margin: 0px; padding: 0px;\"><span style=\"font-size: 18px;\"><span style=\"font-family: Arial, Helvetica, sans-serif;\">Torch on\/off<\/span><\/span><\/p>\n<\/td>\n<\/tr>\n<tr>\n<td class=\"sk-table-cell\" style=\"padding: 0px; width: 156.75pt; height: 15pt;\">\n<p style=\"font-size: 13px; font-weight: 400; line-height: 1.2; margin: 0px; padding: 0px;\"><span style=\"font-size: 18px;\"><span style=\"font-family: Arial, Helvetica, sans-serif;\">FM<\/span><\/span><\/p>\n<\/td>\n<td class=\"sk-table-cell\" style=\"padding: 0px; width: 489.75pt;\">\n<p style=\"font-size: 13px; font-weight: 400; line-height: 1.2; margin: 0px; padding: 0px;\"><span style=\"font-size: 18px;\"><span style=\"font-family: Arial, Helvetica, sans-serif;\">Yes<\/span><\/span><\/p>\n<\/td>\n<\/tr>\n<tr>\n<td class=\"sk-table-cell\" style=\"padding: 0px; width: 156.75pt; height: 15pt;\">\n<p style=\"font-size: 13px; font-weight: 400; line-height: 1.2; margin: 0px; padding: 0px;\"><span style=\"font-size: 18px;\"><span style=\"font-family: Arial, Helvetica, sans-serif;\">Desk top charger spots<\/span><\/span><\/p>\n<\/td>\n<td class=\"sk-table-cell\" style=\"padding: 0px; width: 489.75pt;\">\n<p style=\"font-size: 13px; font-weight: 400; line-height: 1.2; margin: 0px; padding: 0px;\"><span style=\"font-size: 18px;\"><span style=\"font-family: Arial, Helvetica, sans-serif;\">Yes<\/span><\/span><\/p>\n<\/td>\n<\/tr>\n<tr>\n<td class=\"sk-table-cell\" style=\"padding: 0px; height: 15pt;\"><\/td>\n<td class=\"sk-table-cell\" style=\"padding: 0px; width: 489.75pt;\"><\/td>\n<\/tr>\n<tr>\n<td class=\"sk-table-cell\" style=\"padding: 0px; height: 15pt;\" colspan=\"2\">\n<p style=\"font-size: 14px; font-weight: 400; line-height: inherit; margin: 0px; padding: 0px;\"><span style=\"font-size: 18px;\"><span style=\"font-family: Arial, Helvetica, sans-serif;\">Package List<\/span><\/span><\/p>\n<\/td>\n<\/tr>\n<tr>\n<td class=\"sk-table-cell\" style=\"padding: 0px; width: 156.75pt; height: 65pt;\">\n<p style=\"font-size: 13px; font-weight: 400; line-height: 1.2; margin: 0px; padding: 0px;\"><span style=\"font-size: 18px;\"><span style=\"font-family: Arial, Helvetica, sans-serif;\">In the Box<\/span><\/span><\/p>\n<\/td>\n<td class=\"sk-table-cell\" style=\"padding: 0px; width: 489.75pt;\">\n<p style=\"font-size: 14px; font-weight: 400; line-height: inherit; margin: 0px; padding: 0px;\"><span style=\"font-size: 18px;\"><span style=\"font-family: Arial, Helvetica, sans-serif;\">1*AGM M6 Phone<\/span><\/span><\/p>\n<p style=\"font-size: 14px; font-weight: 400; line-height: inherit; margin: 0px; padding: 0px;\"><span style=\"font-size: 18px;\"><span style=\"font-family: Arial, Helvetica, sans-serif;\">1*2500mAh Battery<br \/>\n1*<\/span><\/span><span style=\"font-size: 18px;\"><span style=\"font-family: Arial, Helvetica, sans-serif;\">Power Adapter<\/span><\/span><span style=\"font-size: 18px;\"><span style=\"font-family: Arial, Helvetica, sans-serif;\"><br \/>\n1*<\/span><\/span><span style=\"font-size: 18px;\"><span style=\"font-family: Arial, Helvetica, sans-serif;\">Type-C Cable<\/span><\/span><\/p>\n<p style=\"font-size: 14px; font-weight: 400; line-height: inherit; margin: 0px; padding: 0px;\"><span style=\"font-size: 18px;\"><span style=\"font-family: Arial, Helvetica, sans-serif;\">1*Type-C Port (Type-C to 3.5mm adapter)<\/span><\/span><span style=\"font-size: 18px;\"><span style=\"font-family: Arial, Helvetica, sans-serif;\"><br \/>\n1*<\/span><\/span><span style=\"font-size: 18px;\"><span style=\"font-family: Arial, Helvetica, sans-serif;\">Manual Book<\/span><\/span><\/p>\n<p style=\"font-size: 14px; font-weight: 400; line-height: inherit; margin: 0px; padding: 0px;\"><span style=\"font-size: 18px;\"><span style=\"font-family: Arial, Helvetica, sans-serif;\">1*Warranty Card<\/span><\/span><\/p>\n<\/td>\n<\/tr>\n<\/tbody>\n<\/table>\n<div><\/div>\n<p class=\"detail-desc-decorate-content\" style=\"font-family: OpenSans; font-size: 14px; font-weight: 300; line-height: 20px; white-space: pre-wrap; margin-bottom: 12px;\"><span style=\"font-family: Arial, Helvetica, sans-serif;\"><span style=\"font-size: 18px;\"><strong>Note:<br \/>\n1. Brazil please choose European and Other areas version.<\/strong><\/span><\/span><\/p>\n<p>2. Only defined input languages are supported.<\/p>\n<p>3. AGM M6 has no APP store.<\/p>\n<div><img decoding=\"async\" src=\"https:\/\/ae01.alicdn.com\/kf\/S9c6424cc4adc4f6bb25c8a1bda332e35v.jpg?width=1000&amp;height=1000&amp;hash=2000\" \/> <img loading=\"lazy\" decoding=\"async\" src=\"https:\/\/ae01.alicdn.com\/kf\/Sbe375300631b4dd28f5a1eadc15b9cd6C.jpg\" width=\"1000\" height=\"2512\" \/> <img decoding=\"async\" class=\"detail-desc-decorate-image\" src=\"https:\/\/ae01.alicdn.com\/kf\/Sf970944edd654d19957edf5722d56805m.jpg?width=1000&amp;height=2315&amp;hash=3315\" \/> <img decoding=\"async\" class=\"detail-desc-decorate-image\" src=\"https:\/\/ae01.alicdn.com\/kf\/S383c6f6bdafa43ac90f80820a79cfbb8W.jpg?width=1000&amp;height=2767&amp;hash=3767\" \/><\/div>\n<\/div>\n<div><img decoding=\"async\" class=\"detail-desc-decorate-image\" src=\"https:\/\/ae01.alicdn.com\/kf\/S2c77628a64e84b79be897776f8e924ceX.jpg?width=1000&amp;height=694&amp;hash=1694\" \/> <img decoding=\"async\" class=\"detail-desc-decorate-image\" src=\"https:\/\/ae01.alicdn.com\/kf\/Sf05e224ad8da493eba3838842422cb14v.jpg?width=2452&amp;height=1284&amp;hash=3736\" \/> <img decoding=\"async\" class=\"detail-desc-decorate-image\" src=\"https:\/\/ae01.alicdn.com\/kf\/S25c30bb5164e44c7a8dbc3c085298b25w.jpg?width=2524&amp;height=1298&amp;hash=3822\" \/> <img decoding=\"async\" class=\"detail-desc-decorate-image\" src=\"https:\/\/ae01.alicdn.com\/kf\/S47356b38f4d1431a957bab11e9788d93H.jpg?width=2534&amp;height=1434&amp;hash=3968\" \/><\/div>\n<div><img decoding=\"async\" class=\"detail-desc-decorate-image\" src=\"https:\/\/ae01.alicdn.com\/kf\/S5177b948be30437bb35db8b1433475b0Q.jpg?width=1100&amp;height=1100&amp;hash=2200\" \/> <img decoding=\"async\" class=\"detail-desc-decorate-image\" src=\"https:\/\/ae01.alicdn.com\/kf\/S3610c6a2e7ce483087d9fa580dddc2db1.jpg?width=1100&amp;height=1100&amp;hash=2200\" \/> <img decoding=\"async\" class=\"detail-desc-decorate-image\" src=\"https:\/\/ae01.alicdn.com\/kf\/Sa1054627a9124758a03f00c61ae1dfe4y.jpg?width=1100&amp;height=1100&amp;hash=2200\" \/> <img decoding=\"async\" class=\"detail-desc-decorate-image\" src=\"https:\/\/ae01.alicdn.com\/kf\/Sed97555bdad345fba15fae5369366674q.jpg?width=1100&amp;height=1100&amp;hash=2200\" \/> <img decoding=\"async\" class=\"detail-desc-decorate-image\" src=\"https:\/\/ae01.alicdn.com\/kf\/S2156f6c373aa4d2eb59d2d703dedb33fN.jpg?width=1100&amp;height=1100&amp;hash=2200\" \/><\/div>\n<div><\/div>\n<div><\/div>\n<div><\/div>\n<div><\/div>\n<div><\/div>\n<p>&nbsp;<\/p>\n<\/div>\n<\/div>","protected":false},"excerpt":{"rendered":"<p>This product does not have a backlight. We will not accept disputes regarding products without a backlight. Please note this when placing your order! &nbsp; AGM M6 IP68 Push-Button Phones 4G Unlocked Cellphone 2500mAh Rugged Telephone Dual SIM Feature Phone For Senior Russian Version AGM M6|World Premiere Dimension 142*61.9*19.8mm(with speaker 24mm) Weight 195g (With Battery) [&hellip;]<\/p>\n","protected":false},"featured_media":400,"template":"","meta":[],"product_brand":[],"product_cat":[19],"product_tag":[65],"class_list":{"0":"post-407","1":"product","2":"type-product","3":"status-publish","4":"has-post-thumbnail","6":"product_cat-elektronica","7":"product_tag-telefoon","9":"first","10":"instock","11":"sale","12":"purchasable","13":"product-type-variable"},"jetpack_sharing_enabled":true,"_links":{"self":[{"href":"https:\/\/schoonwin.nl\/en\/wp-json\/wp\/v2\/product\/407","targetHints":{"allow":["GET"]}}],"collection":[{"href":"https:\/\/schoonwin.nl\/en\/wp-json\/wp\/v2\/product"}],"about":[{"href":"https:\/\/schoonwin.nl\/en\/wp-json\/wp\/v2\/types\/product"}],"wp:featuredmedia":[{"embeddable":true,"href":"https:\/\/schoonwin.nl\/en\/wp-json\/wp\/v2\/media\/400"}],"wp:attachment":[{"href":"https:\/\/schoonwin.nl\/en\/wp-json\/wp\/v2\/media?parent=407"}],"wp:term":[{"taxonomy":"product_brand","embeddable":true,"href":"https:\/\/schoonwin.nl\/en\/wp-json\/wp\/v2\/product_brand?post=407"},{"taxonomy":"product_cat","embeddable":true,"href":"https:\/\/schoonwin.nl\/en\/wp-json\/wp\/v2\/product_cat?post=407"},{"taxonomy":"product_tag","embeddable":true,"href":"https:\/\/schoonwin.nl\/en\/wp-json\/wp\/v2\/product_tag?post=407"}],"curies":[{"name":"wp","href":"https:\/\/api.w.org\/{rel}","templated":true}]}}